{"id":1462,"date":"2023-10-12T11:54:53","date_gmt":"2023-10-12T11:54:53","guid":{"rendered":"https:\/\/dev.excelsoftcorp.com\/assessmentandproctoringsolutions\/?page_id=1462"},"modified":"2026-01-12T11:13:05","modified_gmt":"2026-01-12T11:13:05","slug":"taec-casestudy","status":"publish","type":"page","link":"https:\/\/dev.excelsoftcorp.com\/assessmentandproctoringsolutions\/case-studies\/taec-casestudy\/","title":{"rendered":"TAEC Casestudy"},"content":{"rendered":"<p><section class=\"kc-elm kc-css-489401 kc_row\"><div class=\"kc-row-container\"><div class=\"kc-wrap-columns\"><div class=\"kc-elm kc-css-739768 kc_col-sm-12 kc_column kc_col-sm-12 p-0\"><div class=\"kc-col-container\"><div class=\"kc-elm kc-css-919953 kc-raw-code\"><a href=\"\/assessmentandproctoringsolutions\/case-studies\/\" style=\"font-size:20px;color:#000;\"><img decoding=\"async\" src=\"\/assessmentandproctoringsolutions\/wp-content\/uploads\/sites\/7\/2023\/10\/left_arrow.png\"alt=\"left arrow\" style=\"height: 25px; vertical-align: text-bottom;\">   All Case Studies<\/a><\/div><div class=\"kc-elm kc-css-615587\" style=\"height: 40px; clear: both; width:100%;\"><\/div><div class=\"kc-elm kc-css-213729 kc_shortcode kc_single_image p-0\">\n\n        <img decoding=\"async\" src=\"https:\/\/dev.excelsoftcorp.com\/assessmentandproctoringsolutions\/wp-content\/uploads\/sites\/7\/2023\/10\/cs4.png\" class=\"\" alt=\"Saras Case Study on Mexico Pension Fund Administrators\" \/>    <\/div>\n<\/div><\/div><\/div><\/div><\/section><section class=\"kc-elm kc-css-998833 kc_row position-relative\"><div class=\"kc-row-container  kc-container\"><div class=\"kc-wrap-columns\"><div class=\"kc-elm kc-css-569817 kc_col-sm-12 kc_column kc_col-sm-12\"><div class=\"kc-col-container\">\n<div class=\"kc-elm kc-css-413511 kc-title-wrap \">\n\n\t<h1 class=\"kc_title\">Excelsoft partners with TAEC to provide an award-winning online testing solution for Mexico\u2019s Pension Fund Administrators for improved exam integrity\r\n<\/h1>\n<\/div>\n<div class=\"kc-elm kc-css-795059 kc_text_block\"><\/p>\n<p style=\"font-size: 20px;\"><strong>The Client<\/strong><\/p>\n<div class=\"kc-elm kc-css-785069 kc-raw-code\">\n<p>Tecnolog\u00eda Avanzada para la Educaci\u00f3n y la Capacitaci\u00f3n (TAEC)is a leading provider of e-learning products and services to the corporate and academic markets in Mexico and Latin America.<\/p>\n<\/div>\n<div><\/div>\n<div class=\"kc-elm kc-css-785069 kc-raw-code\">\n<p>Excelsoft partnered with TAEC to build an effective online testing solution for the regulatory body of Mexico\u2019s pension system, supporting the delivery and monitoring of large volumes of high stake exams to regularly test agents of private financial companies that managed retirement funds.<\/p>\n<\/div>\n<p>\n<\/div><div class=\"kc-elm kc-css-224275 kc-raw-code\"><div class=\"row m-3 p-4 rounded border text-center hm-stats\">\r\n  <div class=\"col-lg-4 stats\">\r\n    <div class=\"counting\" data-count=\"197000+\">0+<\/div>\r\n    <p>Registered Users<\/p>\r\n  <\/div>\r\n\r\n  <div class=\"col-lg-4 stats\">\r\n    <div class=\"counting\" data-count=\"275000+\">0+Million<\/div>\r\n    <p>Exams delivered<\/p>\r\n  <\/div>\r\n\r\n  <div class=\"col-lg-4 stats\">\r\n    <div class=\"counting\" data-count=\"8\">0<\/div>\r\n    <p>Years of Trusted Partnership<\/p>\r\n  <\/div>\r\n\r\n<div class=\"clearfix\"><\/div>\r\n<\/div>\r\n<\/div><div class=\"kc-elm kc-css-184983 kc_text_block\"><\/p>\n<p style=\"font-size: 20px;\"><strong>Solution Highlights<\/strong><\/p>\n<ul class=\"list-itm\">\n<li>Secure Exam Delivery, Content Security and Malpractice Prevention<\/li>\n<li>Data Validation and Authentication<\/li>\n<li>Language, Culture and Time-zone Management<\/li>\n<li>Disaster Recovery Strategy for earthquake prone areas in Mexico<\/li>\n<li>Secure Access with Strict Security and Hosting Policies<\/li>\n<\/ul>\n<div>\u00a0<\/div>\n<p>The project was awarded the worldwide e-Assessment Association Award 2021 in the category of \u201cBest International Implementation\u201d.<\/p>\n<p>Download the case study to find out how our team efficiently implemented Saras<span style=\"font-style: inherit; font-size: 16px;\">\u00a0test and assessment for the delivery of large scale high-stake exams in just a few months<\/span><\/p>\n<p>\n<\/div><\/div><\/div><\/div><\/div><\/section><section class=\"kc-elm kc-css-98544 kc_row\"><div class=\"kc-row-container  kc-container\"><div class=\"kc-wrap-columns\"><div class=\"kc-elm kc-css-365938 kc_col-sm-12 kc_column kc_col-sm-12\"><div class=\"kc-col-container\"><div class=\"kc-elm kc-css-805812 kc_text_block\"><\/p>\n<p style=\"text-align: center;\">\u00a0Click here to download the complete case study<\/p>\n<p>\n<\/div><div class=\"kc-elm kc-css-181579 kc-raw-code\"><p class=\"download-casestudy\"><a class=\"header-btn open-popup\" data-url=\"\/assessmentandproctoringsolutions\/wp-content\/uploads\/sites\/7\/2023\/10\/Saras_TAEC_case_study.pdf\">Download\r\n<input type=\"hidden\" value=\"\">\r\n<\/a><\/p><\/div><div class=\"kc-elm kc-css-505024 kc-raw-code\"><div class=\"collect-customer-info\">\r\n<div>\r\n<a class=\"pclose\" href=\"javascript:void()\">x<\/a>\r\n\n<div class=\"wpcf7 no-js\" id=\"wpcf7-f1392-o1\" lang=\"en-US\" dir=\"ltr\" data-wpcf7-id=\"1392\">\n<div class=\"screen-reader-response\"><p role=\"status\" aria-live=\"polite\" aria-atomic=\"true\"><\/p> <ul><\/ul><\/div>\n<form action=\"\/assessmentandproctoringsolutions\/wp-json\/wp\/v2\/pages\/1462#wpcf7-f1392-o1\" method=\"post\" class=\"wpcf7-form init\" aria-label=\"Contact form\" novalidate=\"novalidate\" data-status=\"init\">\n<fieldset class=\"hidden-fields-container\"><input type=\"hidden\" name=\"_wpcf7\" value=\"1392\" \/><input type=\"hidden\" name=\"_wpcf7_version\" value=\"6.1.4\" \/><input type=\"hidden\" name=\"_wpcf7_locale\" value=\"en_US\" \/><input type=\"hidden\" name=\"_wpcf7_unit_tag\" value=\"wpcf7-f1392-o1\" \/><input type=\"hidden\" name=\"_wpcf7_container_post\" value=\"0\" \/><input type=\"hidden\" name=\"_wpcf7_posted_data_hash\" value=\"\" \/><input type=\"hidden\" name=\"_wpcf7_recaptcha_response\" value=\"\" \/>\n<\/fieldset>\n<p>\t\t<div id=\"cf7md-form\" class=\"cf7md-form\">\n\t\t\t<div class=\"mdc-layout-grid\">\n\t\t\t\t<div class=\"mdc-layout-grid__inner\">\n\t\t\t\t\t\t\t\t\t\t\n<\/p>\n<div class=\"form-style\">\n\t<div class=\"row\">\n\t\t<div class=\"col-md-12\">\n\t\t\t\t\t\n\t\t<div class=\"cf7md-item cf7md-text mdc-layout-grid__cell mdc-layout-grid__cell--span-12\">\n\t\t\t<span class=\"wpcf7-form-control-wrap\" data-name=\"text-FullName\"><input size=\"40\" maxlength=\"400\" class=\"wpcf7-form-control wpcf7-text wpcf7-validates-as-required\" aria-required=\"true\" aria-invalid=\"false\" value=\"\" type=\"text\" name=\"text-FullName\" \/><\/span>\t\t\t\t\t\t<div style=\"display: none;\" class=\"cf7md-text-html\">\n\t\t\t\t<div class=\"mdc-text-field \">\n\t\t\t\t\t\n\t\t\t\t\t\t\t\t\t\t\t<label class=\"mdc-floating-label\">Full Name<\/label>\n\t\t\t\t\t\t<div class=\"mdc-line-ripple\"><\/div>\n\t\t\t\t\t\t\t\t\t<\/div>\n\t\t\t<\/div>\n\t\t<\/div>\n\t\t\n\t\t<\/div>\n\t<\/div>\n\t<div class=\"row\">\n\t\t<div class=\"col-md-12\">\n\t\t\t\t\t\n\t\t<div class=\"cf7md-item cf7md-text mdc-layout-grid__cell mdc-layout-grid__cell--span-12\">\n\t\t\t<span class=\"wpcf7-form-control-wrap\" data-name=\"email-Email\"><input size=\"40\" maxlength=\"400\" class=\"wpcf7-form-control wpcf7-email wpcf7-validates-as-required wpcf7-text wpcf7-validates-as-email\" aria-required=\"true\" aria-invalid=\"false\" value=\"\" type=\"email\" name=\"email-Email\" \/><\/span>\t\t\t\t\t\t<div style=\"display: none;\" class=\"cf7md-text-html\">\n\t\t\t\t<div class=\"mdc-text-field \">\n\t\t\t\t\t\n\t\t\t\t\t\t\t\t\t\t\t<label class=\"mdc-floating-label\">Email<\/label>\n\t\t\t\t\t\t<div class=\"mdc-line-ripple\"><\/div>\n\t\t\t\t\t\t\t\t\t<\/div>\n\t\t\t<\/div>\n\t\t<\/div>\n\t\t\n\t\t<\/div>\n\t<\/div>\n\t<div class=\"row\">\n\t\t<div class=\"col-md-12\">\n\t\t\t\t\t\n\t\t<div class=\"cf7md-item cf7md-text mdc-layout-grid__cell mdc-layout-grid__cell--span-12\">\n\t\t\t<span class=\"wpcf7-form-control-wrap\" data-name=\"text-Company\"><input size=\"40\" maxlength=\"400\" class=\"wpcf7-form-control wpcf7-text wpcf7-validates-as-required\" aria-required=\"true\" aria-invalid=\"false\" value=\"\" type=\"text\" name=\"text-Company\" \/><\/span>\t\t\t\t\t\t<div style=\"display: none;\" class=\"cf7md-text-html\">\n\t\t\t\t<div class=\"mdc-text-field \">\n\t\t\t\t\t\n\t\t\t\t\t\t\t\t\t\t\t<label class=\"mdc-floating-label\">Company<\/label>\n\t\t\t\t\t\t<div class=\"mdc-line-ripple\"><\/div>\n\t\t\t\t\t\t\t\t\t<\/div>\n\t\t\t<\/div>\n\t\t<\/div>\n\t\t\n\t\t<\/div>\n\t<\/div>\n\t<div class=\"row\">\n\t\t<div class=\"col-md-12\">\n\t\t<span class=\"wpcf7-form-control-wrap recaptcha\" data-name=\"recaptcha\"><span data-sitekey=\"6LeuyB8cAAAAAHppjTULBKBs-WUGgGCefg97CKFl\" class=\"wpcf7-form-control wpcf7-recaptcha g-recaptcha\"><\/span>\r\n<noscript>\r\n\t<div class=\"grecaptcha-noscript\">\r\n\t\t<iframe loading=\"lazy\" src=\"https:\/\/www.google.com\/recaptcha\/api\/fallback?k=6LeuyB8cAAAAAHppjTULBKBs-WUGgGCefg97CKFl\" frameborder=\"0\" scrolling=\"no\" width=\"310\" height=\"430\">\r\n\t\t<\/iframe>\r\n\t\t<textarea name=\"g-recaptcha-response\" rows=\"3\" cols=\"40\" placeholder=\"reCaptcha Response Here\">\r\n\t\t<\/textarea>\r\n\t<\/div>\r\n<\/noscript>\r\n<\/span>\n\t\t<\/div>\n\t<\/div>\n\t<div class=\"row \">\n\t\t<p><input type=\"reset\"value=\"reset\" \/>\n\t\t<\/p>\n\t\t<div class=\"col-md-12 button-submit\">\n\t\t\t\t\t<div class=\"cf7md-item cf7md-submit mdc-layout-grid__cell mdc-layout-grid__cell--span-12\" data-button-style=\"raised\">\n\t\t\t <input class=\"wpcf7-form-control wpcf7-submit has-spinner\" type=\"submit\" value=\"Submit\" \/> \t\t\t<svg class=\"cf7md-spinner\" width=\"25px\" height=\"25px\" viewBox=\"0 0 66 66\" xmlns=\"http:\/\/www.w3.org\/2000\/svg\">\n\t\t\t\t<circle class=\"cf7md-spinner-path\" fill=\"none\" stroke-width=\"6\" stroke-linecap=\"round\" cx=\"33\" cy=\"33\" r=\"30\"><\/circle>\n\t\t\t<\/svg>\n\t\t<\/div>\n\t\t\n\t\t<\/div>\n\t<\/div>\n<\/div>\n\t\t\t\t\t\t\t\t\t<\/div>\n\t\t\t<\/div>\n\t\t<\/div>\n\t\t\n<\/p><p style=\"display: none !important;\" class=\"akismet-fields-container\" data-prefix=\"_wpcf7_ak_\"><label>&#916;<textarea name=\"_wpcf7_ak_hp_textarea\" cols=\"45\" rows=\"8\" maxlength=\"100\"><\/textarea><\/label><input type=\"hidden\" id=\"ak_js_1\" name=\"_wpcf7_ak_js\" value=\"241\"\/><script>document.getElementById( \"ak_js_1\" ).setAttribute( \"value\", ( new Date() ).getTime() );<\/script><\/p><div class=\"wpcf7-response-output\" aria-hidden=\"true\"><\/div>\n<\/form>\n<\/div>\n\r\n<\/div>\r\n\r\n<\/div>\r\n<div class=\"overlay-infor\"><\/div><\/div><\/div><\/div><\/div><\/div><\/section><\/p>\n","protected":false},"excerpt":{"rendered":"","protected":false},"author":17,"featured_media":0,"parent":17,"menu_order":0,"comment_status":"closed","ping_status":"closed","template":"","meta":{"_acf_changed":false,"_monsterinsights_skip_tracking":false,"_monsterinsights_sitenote_active":false,"_monsterinsights_sitenote_note":"","_monsterinsights_sitenote_category":0,"site-sidebar-layout":"default","site-content-layout":"default","ast-global-header-display":"","ast-main-header-display":"","ast-hfb-above-header-display":"","ast-hfb-below-header-display":"","ast-hfb-mobile-header-display":"","site-post-title":"disabled","ast-breadcrumbs-content":"disabled","ast-featured-img":"","footer-sml-layout":"","theme-transparent-header-meta":"default","adv-header-id-meta":"","stick-header-meta":"","header-above-stick-meta":"","header-main-stick-meta":"","header-below-stick-meta":"","footnotes":""},"class_list":["post-1462","page","type-page","status-publish","hentry"],"acf":[],"yoast_head":"<!-- This site is optimized with the Yoast SEO plugin v26.2 - https:\/\/yoast.com\/wordpress\/plugins\/seo\/ -->\r\n<title>Saras Case Study on Pension Fund Administrators | Excelsoft<\/title>\r\n<meta name=\"description\" content=\"Excelsoft partners with TAEC to provide an award-winning online testing solution for Mexico\u2019s Pension Fund Administrators for improved exam integrity\" \/>\r\n<meta name=\"robots\" content=\"noindex, follow, max-snippet:-1, max-image-preview:large, max-video-preview:-1\" \/>\r\n<meta property=\"og:locale\" content=\"en_US\" \/>\r\n<meta property=\"og:type\" content=\"article\" \/>\r\n<meta property=\"og:title\" content=\"Saras Case Study on Pension Fund Administrators | Excelsoft\" \/>\r\n<meta property=\"og:description\" content=\"Excelsoft partners with TAEC to provide an award-winning online testing solution for Mexico\u2019s Pension Fund Administrators for improved exam integrity\" \/>\r\n<meta property=\"og:url\" content=\"https:\/\/dev.excelsoftcorp.com\/assessmentandproctoringsolutions\/case-studies\/taec-casestudy\/\" \/>\r\n<meta property=\"og:site_name\" content=\"Assessment and Proctoring Solutions\" \/>\r\n<meta property=\"article:modified_time\" content=\"2026-01-12T11:13:05+00:00\" \/>\r\n<meta property=\"og:image\" content=\"https:\/\/dev.excelsoftcorp.com\/assessmentandproctoringsolutions\/wp-content\/uploads\/sites\/7\/2023\/10\/cs4.png\" \/>\r\n<meta name=\"twitter:card\" content=\"summary_large_image\" \/>\r\n<meta name=\"twitter:label1\" content=\"Est. reading time\" \/>\n\t<meta name=\"twitter:data1\" content=\"2 minutes\" \/>\r\n<script type=\"application\/ld+json\" class=\"yoast-schema-graph\">{\"@context\":\"https:\/\/schema.org\",\"@graph\":[{\"@type\":\"WebPage\",\"@id\":\"https:\/\/dev.excelsoftcorp.com\/assessmentandproctoringsolutions\/case-studies\/taec-casestudy\/\",\"url\":\"https:\/\/dev.excelsoftcorp.com\/assessmentandproctoringsolutions\/case-studies\/taec-casestudy\/\",\"name\":\"Saras Case Study on Pension Fund Administrators | Excelsoft\",\"isPartOf\":{\"@id\":\"https:\/\/dev.excelsoftcorp.com\/assessmentandproctoringsolutions\/#website\"},\"primaryImageOfPage\":{\"@id\":\"https:\/\/dev.excelsoftcorp.com\/assessmentandproctoringsolutions\/case-studies\/taec-casestudy\/#primaryimage\"},\"image\":{\"@id\":\"https:\/\/dev.excelsoftcorp.com\/assessmentandproctoringsolutions\/case-studies\/taec-casestudy\/#primaryimage\"},\"thumbnailUrl\":\"https:\/\/dev.excelsoftcorp.com\/assessmentandproctoringsolutions\/wp-content\/uploads\/sites\/7\/2023\/10\/cs4.png\",\"datePublished\":\"2023-10-12T11:54:53+00:00\",\"dateModified\":\"2026-01-12T11:13:05+00:00\",\"description\":\"Excelsoft partners with TAEC to provide an award-winning online testing solution for Mexico\u2019s Pension Fund Administrators for improved exam integrity\",\"breadcrumb\":{\"@id\":\"https:\/\/dev.excelsoftcorp.com\/assessmentandproctoringsolutions\/case-studies\/taec-casestudy\/#breadcrumb\"},\"inLanguage\":\"en-US\",\"potentialAction\":[{\"@type\":\"ReadAction\",\"target\":[\"https:\/\/dev.excelsoftcorp.com\/assessmentandproctoringsolutions\/case-studies\/taec-casestudy\/\"]}]},{\"@type\":\"ImageObject\",\"inLanguage\":\"en-US\",\"@id\":\"https:\/\/dev.excelsoftcorp.com\/assessmentandproctoringsolutions\/case-studies\/taec-casestudy\/#primaryimage\",\"url\":\"https:\/\/dev.excelsoftcorp.com\/assessmentandproctoringsolutions\/wp-content\/uploads\/sites\/7\/2023\/10\/cs4.png\",\"contentUrl\":\"https:\/\/dev.excelsoftcorp.com\/assessmentandproctoringsolutions\/wp-content\/uploads\/sites\/7\/2023\/10\/cs4.png\",\"width\":1268,\"height\":341},{\"@type\":\"BreadcrumbList\",\"@id\":\"https:\/\/dev.excelsoftcorp.com\/assessmentandproctoringsolutions\/case-studies\/taec-casestudy\/#breadcrumb\",\"itemListElement\":[{\"@type\":\"ListItem\",\"position\":1,\"name\":\"Home\",\"item\":\"https:\/\/dev.excelsoftcorp.com\/assessmentandproctoringsolutions\/\"},{\"@type\":\"ListItem\",\"position\":2,\"name\":\"Case Studies\",\"item\":\"https:\/\/dev.excelsoftcorp.com\/assessmentandproctoringsolutions\/case-studies\/\"},{\"@type\":\"ListItem\",\"position\":3,\"name\":\"TAEC Casestudy\"}]},{\"@type\":\"WebSite\",\"@id\":\"https:\/\/dev.excelsoftcorp.com\/assessmentandproctoringsolutions\/#website\",\"url\":\"https:\/\/dev.excelsoftcorp.com\/assessmentandproctoringsolutions\/\",\"name\":\"Assessment and Proctoring Solutions\",\"description\":\"\",\"publisher\":{\"@id\":\"https:\/\/dev.excelsoftcorp.com\/assessmentandproctoringsolutions\/#organization\"},\"potentialAction\":[{\"@type\":\"SearchAction\",\"target\":{\"@type\":\"EntryPoint\",\"urlTemplate\":\"https:\/\/dev.excelsoftcorp.com\/assessmentandproctoringsolutions\/?s={search_term_string}\"},\"query-input\":{\"@type\":\"PropertyValueSpecification\",\"valueRequired\":true,\"valueName\":\"search_term_string\"}}],\"inLanguage\":\"en-US\"},{\"@type\":\"Organization\",\"@id\":\"https:\/\/dev.excelsoftcorp.com\/assessmentandproctoringsolutions\/#organization\",\"name\":\"Assessment and Proctoring Solutions\",\"url\":\"https:\/\/dev.excelsoftcorp.com\/assessmentandproctoringsolutions\/\",\"logo\":{\"@type\":\"ImageObject\",\"inLanguage\":\"en-US\",\"@id\":\"https:\/\/dev.excelsoftcorp.com\/assessmentandproctoringsolutions\/#\/schema\/logo\/image\/\",\"url\":\"https:\/\/dev.excelsoftcorp.com\/assessmentandproctoringsolutions\/wp-content\/uploads\/sites\/7\/2025\/01\/ES-logo.png\",\"contentUrl\":\"https:\/\/dev.excelsoftcorp.com\/assessmentandproctoringsolutions\/wp-content\/uploads\/sites\/7\/2025\/01\/ES-logo.png\",\"width\":2913,\"height\":583,\"caption\":\"Assessment and Proctoring Solutions \"},\"image\":{\"@id\":\"https:\/\/dev.excelsoftcorp.com\/assessmentandproctoringsolutions\/#\/schema\/logo\/image\/\"}}]}<\/script>\r\n<!-- \/ Yoast SEO plugin. -->","yoast_head_json":{"title":"Saras Case Study on Pension Fund Administrators | Excelsoft","description":"Excelsoft partners with TAEC to provide an award-winning online testing solution for Mexico\u2019s Pension Fund Administrators for improved exam integrity","robots":{"index":"noindex","follow":"follow","max-snippet":"max-snippet:-1","max-image-preview":"max-image-preview:large","max-video-preview":"max-video-preview:-1"},"og_locale":"en_US","og_type":"article","og_title":"Saras Case Study on Pension Fund Administrators | Excelsoft","og_description":"Excelsoft partners with TAEC to provide an award-winning online testing solution for Mexico\u2019s Pension Fund Administrators for improved exam integrity","og_url":"https:\/\/dev.excelsoftcorp.com\/assessmentandproctoringsolutions\/case-studies\/taec-casestudy\/","og_site_name":"Assessment and Proctoring Solutions","article_modified_time":"2026-01-12T11:13:05+00:00","og_image":[{"url":"https:\/\/dev.excelsoftcorp.com\/assessmentandproctoringsolutions\/wp-content\/uploads\/sites\/7\/2023\/10\/cs4.png","type":"","width":"","height":""}],"twitter_card":"summary_large_image","twitter_misc":{"Est. reading time":"2 minutes"},"schema":{"@context":"https:\/\/schema.org","@graph":[{"@type":"WebPage","@id":"https:\/\/dev.excelsoftcorp.com\/assessmentandproctoringsolutions\/case-studies\/taec-casestudy\/","url":"https:\/\/dev.excelsoftcorp.com\/assessmentandproctoringsolutions\/case-studies\/taec-casestudy\/","name":"Saras Case Study on Pension Fund Administrators | Excelsoft","isPartOf":{"@id":"https:\/\/dev.excelsoftcorp.com\/assessmentandproctoringsolutions\/#website"},"primaryImageOfPage":{"@id":"https:\/\/dev.excelsoftcorp.com\/assessmentandproctoringsolutions\/case-studies\/taec-casestudy\/#primaryimage"},"image":{"@id":"https:\/\/dev.excelsoftcorp.com\/assessmentandproctoringsolutions\/case-studies\/taec-casestudy\/#primaryimage"},"thumbnailUrl":"https:\/\/dev.excelsoftcorp.com\/assessmentandproctoringsolutions\/wp-content\/uploads\/sites\/7\/2023\/10\/cs4.png","datePublished":"2023-10-12T11:54:53+00:00","dateModified":"2026-01-12T11:13:05+00:00","description":"Excelsoft partners with TAEC to provide an award-winning online testing solution for Mexico\u2019s Pension Fund Administrators for improved exam integrity","breadcrumb":{"@id":"https:\/\/dev.excelsoftcorp.com\/assessmentandproctoringsolutions\/case-studies\/taec-casestudy\/#breadcrumb"},"inLanguage":"en-US","potentialAction":[{"@type":"ReadAction","target":["https:\/\/dev.excelsoftcorp.com\/assessmentandproctoringsolutions\/case-studies\/taec-casestudy\/"]}]},{"@type":"ImageObject","inLanguage":"en-US","@id":"https:\/\/dev.excelsoftcorp.com\/assessmentandproctoringsolutions\/case-studies\/taec-casestudy\/#primaryimage","url":"https:\/\/dev.excelsoftcorp.com\/assessmentandproctoringsolutions\/wp-content\/uploads\/sites\/7\/2023\/10\/cs4.png","contentUrl":"https:\/\/dev.excelsoftcorp.com\/assessmentandproctoringsolutions\/wp-content\/uploads\/sites\/7\/2023\/10\/cs4.png","width":1268,"height":341},{"@type":"BreadcrumbList","@id":"https:\/\/dev.excelsoftcorp.com\/assessmentandproctoringsolutions\/case-studies\/taec-casestudy\/#breadcrumb","itemListElement":[{"@type":"ListItem","position":1,"name":"Home","item":"https:\/\/dev.excelsoftcorp.com\/assessmentandproctoringsolutions\/"},{"@type":"ListItem","position":2,"name":"Case Studies","item":"https:\/\/dev.excelsoftcorp.com\/assessmentandproctoringsolutions\/case-studies\/"},{"@type":"ListItem","position":3,"name":"TAEC Casestudy"}]},{"@type":"WebSite","@id":"https:\/\/dev.excelsoftcorp.com\/assessmentandproctoringsolutions\/#website","url":"https:\/\/dev.excelsoftcorp.com\/assessmentandproctoringsolutions\/","name":"Assessment and Proctoring Solutions","description":"","publisher":{"@id":"https:\/\/dev.excelsoftcorp.com\/assessmentandproctoringsolutions\/#organization"},"potentialAction":[{"@type":"SearchAction","target":{"@type":"EntryPoint","urlTemplate":"https:\/\/dev.excelsoftcorp.com\/assessmentandproctoringsolutions\/?s={search_term_string}"},"query-input":{"@type":"PropertyValueSpecification","valueRequired":true,"valueName":"search_term_string"}}],"inLanguage":"en-US"},{"@type":"Organization","@id":"https:\/\/dev.excelsoftcorp.com\/assessmentandproctoringsolutions\/#organization","name":"Assessment and Proctoring Solutions","url":"https:\/\/dev.excelsoftcorp.com\/assessmentandproctoringsolutions\/","logo":{"@type":"ImageObject","inLanguage":"en-US","@id":"https:\/\/dev.excelsoftcorp.com\/assessmentandproctoringsolutions\/#\/schema\/logo\/image\/","url":"https:\/\/dev.excelsoftcorp.com\/assessmentandproctoringsolutions\/wp-content\/uploads\/sites\/7\/2025\/01\/ES-logo.png","contentUrl":"https:\/\/dev.excelsoftcorp.com\/assessmentandproctoringsolutions\/wp-content\/uploads\/sites\/7\/2025\/01\/ES-logo.png","width":2913,"height":583,"caption":"Assessment and Proctoring Solutions "},"image":{"@id":"https:\/\/dev.excelsoftcorp.com\/assessmentandproctoringsolutions\/#\/schema\/logo\/image\/"}}]}},"_links":{"self":[{"href":"https:\/\/dev.excelsoftcorp.com\/assessmentandproctoringsolutions\/wp-json\/wp\/v2\/pages\/1462","targetHints":{"allow":["GET"]}}],"collection":[{"href":"https:\/\/dev.excelsoftcorp.com\/assessmentandproctoringsolutions\/wp-json\/wp\/v2\/pages"}],"about":[{"href":"https:\/\/dev.excelsoftcorp.com\/assessmentandproctoringsolutions\/wp-json\/wp\/v2\/types\/page"}],"author":[{"embeddable":true,"href":"https:\/\/dev.excelsoftcorp.com\/assessmentandproctoringsolutions\/wp-json\/wp\/v2\/users\/17"}],"replies":[{"embeddable":true,"href":"https:\/\/dev.excelsoftcorp.com\/assessmentandproctoringsolutions\/wp-json\/wp\/v2\/comments?post=1462"}],"version-history":[{"count":47,"href":"https:\/\/dev.excelsoftcorp.com\/assessmentandproctoringsolutions\/wp-json\/wp\/v2\/pages\/1462\/revisions"}],"predecessor-version":[{"id":2386,"href":"https:\/\/dev.excelsoftcorp.com\/assessmentandproctoringsolutions\/wp-json\/wp\/v2\/pages\/1462\/revisions\/2386"}],"up":[{"embeddable":true,"href":"https:\/\/dev.excelsoftcorp.com\/assessmentandproctoringsolutions\/wp-json\/wp\/v2\/pages\/17"}],"wp:attachment":[{"href":"https:\/\/dev.excelsoftcorp.com\/assessmentandproctoringsolutions\/wp-json\/wp\/v2\/media?parent=1462"}],"curies":[{"name":"wp","href":"https:\/\/api.w.org\/{rel}","templated":true}]}}